{"id":3163,"date":"2022-02-18T12:09:46","date_gmt":"2022-02-18T11:09:46","guid":{"rendered":"https:\/\/artphotonics.com\/product\/sma-und-fc-steckhulsen\/"},"modified":"2023-05-02T12:59:51","modified_gmt":"2023-05-02T10:59:51","slug":"sma-und-fc-steckhulsen","status":"publish","type":"product","link":"https:\/\/artphotonics-stage.workonweb.de\/de\/produkt\/sma-und-fc-steckhulsen\/","title":{"rendered":"SMA- und FC-Steckh\u00fclsen; Schutzkappen"},"content":{"rendered":"","protected":false},"excerpt":{"rendered":"<ul>\n<li>Steckh\u00fclsen kompatibel mit Standardsteckern wie FC\/PC und SMA<\/li>\n<li>PVC-Schutzkappen f\u00fcr beliebige Kabelrohre, B\u00fcndel oder Sondenstecker sowie f\u00fcr die Sondenspitze<\/li>\n<\/ul>\n","protected":false},"featured_media":3189,"template":"","meta":[],"product_brand":[],"product_cat":[89,74],"product_tag":[],"class_list":{"0":"post-3163","1":"product","2":"type-product","3":"status-publish","4":"has-post-thumbnail","6":"product_cat-accessories-de","7":"product_cat-flexiray-de","9":"first","10":"instock","11":"shipping-taxable","12":"product-type-simple"},"_links":{"self":[{"href":"https:\/\/artphotonics-stage.workonweb.de\/de\/wp-json\/wp\/v2\/product\/3163","targetHints":{"allow":["GET"]}}],"collection":[{"href":"https:\/\/artphotonics-stage.workonweb.de\/de\/wp-json\/wp\/v2\/product"}],"about":[{"href":"https:\/\/artphotonics-stage.workonweb.de\/de\/wp-json\/wp\/v2\/types\/product"}],"wp:featuredmedia":[{"embeddable":true,"href":"https:\/\/artphotonics-stage.workonweb.de\/de\/wp-json\/wp\/v2\/media\/3189"}],"wp:attachment":[{"href":"https:\/\/artphotonics-stage.workonweb.de\/de\/wp-json\/wp\/v2\/media?parent=3163"}],"wp:term":[{"taxonomy":"product_brand","embeddable":true,"href":"https:\/\/artphotonics-stage.workonweb.de\/de\/wp-json\/wp\/v2\/product_brand?post=3163"},{"taxonomy":"product_cat","embeddable":true,"href":"https:\/\/artphotonics-stage.workonweb.de\/de\/wp-json\/wp\/v2\/product_cat?post=3163"},{"taxonomy":"product_tag","embeddable":true,"href":"https:\/\/artphotonics-stage.workonweb.de\/de\/wp-json\/wp\/v2\/product_tag?post=3163"}],"curies":[{"name":"wp","href":"https:\/\/api.w.org\/{rel}","templated":true}]}}