{"id":3156,"date":"2023-01-18T14:20:07","date_gmt":"2023-01-18T13:20:07","guid":{"rendered":"https:\/\/artphotonics.com\/product\/fluo-atr-kombi-sonde\/"},"modified":"2023-05-02T12:59:17","modified_gmt":"2023-05-02T10:59:17","slug":"fluo-atr-kombi-sonde","status":"publish","type":"product","link":"https:\/\/artphotonics-stage.workonweb.de\/de\/produkt\/fluo-atr-kombi-sonde\/","title":{"rendered":"Fluo-ATR-Kombi-Sonde"},"content":{"rendered":"","protected":false},"excerpt":{"rendered":"<p><span style=\"font-size: 18pt;\"><strong>Eigenschaften:<\/strong><\/span><\/p>\n<ul>\n<li>Faseroptische Zweikanal-Sonde<\/li>\n<li>Fluo- und ATR-Kan\u00e4le k\u00f6nnen gleichzeitig arbeiten und bieten M\u00f6glichkeiten zur Hybridmodellierung<\/li>\n<li>On-line Fluo- und Mid-IR-Spektroskopie<\/li>\n<li>Kompatibel mit UV\/VIS- und FTIR-Spektrometern<\/li>\n<\/ul>\n","protected":false},"featured_media":2897,"template":"","meta":[],"product_brand":[],"product_cat":[82,104],"product_tag":[],"class_list":{"0":"post-3156","1":"product","2":"type-product","3":"status-publish","4":"has-post-thumbnail","6":"product_cat-flexispec-de","7":"product_cat-mehrkanal-kombi-sonden","9":"first","10":"instock","11":"shipping-taxable","12":"product-type-simple"},"_links":{"self":[{"href":"https:\/\/artphotonics-stage.workonweb.de\/de\/wp-json\/wp\/v2\/product\/3156","targetHints":{"allow":["GET"]}}],"collection":[{"href":"https:\/\/artphotonics-stage.workonweb.de\/de\/wp-json\/wp\/v2\/product"}],"about":[{"href":"https:\/\/artphotonics-stage.workonweb.de\/de\/wp-json\/wp\/v2\/types\/product"}],"wp:featuredmedia":[{"embeddable":true,"href":"https:\/\/artphotonics-stage.workonweb.de\/de\/wp-json\/wp\/v2\/media\/2897"}],"wp:attachment":[{"href":"https:\/\/artphotonics-stage.workonweb.de\/de\/wp-json\/wp\/v2\/media?parent=3156"}],"wp:term":[{"taxonomy":"product_brand","embeddable":true,"href":"https:\/\/artphotonics-stage.workonweb.de\/de\/wp-json\/wp\/v2\/product_brand?post=3156"},{"taxonomy":"product_cat","embeddable":true,"href":"https:\/\/artphotonics-stage.workonweb.de\/de\/wp-json\/wp\/v2\/product_cat?post=3156"},{"taxonomy":"product_tag","embeddable":true,"href":"https:\/\/artphotonics-stage.workonweb.de\/de\/wp-json\/wp\/v2\/product_tag?post=3156"}],"curies":[{"name":"wp","href":"https:\/\/api.w.org\/{rel}","templated":true}]}}