{"id":2266,"date":"2021-10-06T16:47:11","date_gmt":"2021-10-06T14:47:11","guid":{"rendered":"https:\/\/artphotonics.com\/product\/niraman-fasersonde\/"},"modified":"2023-05-02T13:04:20","modified_gmt":"2023-05-02T11:04:20","slug":"niraman-fasersonde","status":"publish","type":"product","link":"https:\/\/artphotonics-stage.workonweb.de\/de\/produkt\/niraman-fasersonde\/","title":{"rendered":"NIRaman Fasersonde"},"content":{"rendered":"","protected":false},"excerpt":{"rendered":"<p><strong>Eigenschaften:<\/strong><\/p>\n<ul>\n<li>Mehrkanalige faseroptische Sonden<\/li>\n<li>NIR- und Raman-Kan\u00e4le k\u00f6nnen gleichzeitig arbeiten und bieten so die M\u00f6glichkeit zur Hybridmodellierung<\/li>\n<li>On-line Raman- und NIR-Spektroskopie<\/li>\n<li>Flexibel und robust f\u00fcr industrielle Anwendungen in rauer Umgebung<\/li>\n<li>Kompatibel mit allen Raman- und NIR-Spektrometern<\/li>\n<\/ul>\n","protected":false},"featured_media":1719,"template":"","meta":[],"product_brand":[],"product_cat":[82,104,83],"product_tag":[76,77,78],"class_list":{"0":"post-2266","1":"product","2":"type-product","3":"status-publish","4":"has-post-thumbnail","6":"product_cat-flexispec-de","7":"product_cat-mehrkanal-kombi-sonden","8":"product_cat-spectroscopy-fiber-probes-de","9":"product_tag-near-ir-de","10":"product_tag-uv-de","11":"product_tag-visible-de","13":"first","14":"instock","15":"shipping-taxable","16":"product-type-simple"},"_links":{"self":[{"href":"https:\/\/artphotonics-stage.workonweb.de\/de\/wp-json\/wp\/v2\/product\/2266","targetHints":{"allow":["GET"]}}],"collection":[{"href":"https:\/\/artphotonics-stage.workonweb.de\/de\/wp-json\/wp\/v2\/product"}],"about":[{"href":"https:\/\/artphotonics-stage.workonweb.de\/de\/wp-json\/wp\/v2\/types\/product"}],"wp:featuredmedia":[{"embeddable":true,"href":"https:\/\/artphotonics-stage.workonweb.de\/de\/wp-json\/wp\/v2\/media\/1719"}],"wp:attachment":[{"href":"https:\/\/artphotonics-stage.workonweb.de\/de\/wp-json\/wp\/v2\/media?parent=2266"}],"wp:term":[{"taxonomy":"product_brand","embeddable":true,"href":"https:\/\/artphotonics-stage.workonweb.de\/de\/wp-json\/wp\/v2\/product_brand?post=2266"},{"taxonomy":"product_cat","embeddable":true,"href":"https:\/\/artphotonics-stage.workonweb.de\/de\/wp-json\/wp\/v2\/product_cat?post=2266"},{"taxonomy":"product_tag","embeddable":true,"href":"https:\/\/artphotonics-stage.workonweb.de\/de\/wp-json\/wp\/v2\/product_tag?post=2266"}],"curies":[{"name":"wp","href":"https:\/\/api.w.org\/{rel}","templated":true}]}}