{"id":2264,"date":"2021-10-06T16:33:12","date_gmt":"2021-10-06T14:33:12","guid":{"rendered":"https:\/\/artphotonics.com\/product\/transflexion-faser-sonde-fur-industrielle-anwendungen\/"},"modified":"2023-05-02T13:05:02","modified_gmt":"2023-05-02T11:05:02","slug":"transflexion-faser-sonde-fur-industrielle-anwendungen","status":"publish","type":"product","link":"https:\/\/artphotonics-stage.workonweb.de\/de\/produkt\/transflexion-faser-sonde-fur-industrielle-anwendungen\/","title":{"rendered":"Transflexion Faser Sonde f\u00fcr Industrielle Anwendungen"},"content":{"rendered":"","protected":false},"excerpt":{"rendered":"<p><strong>Eigenschaften:<\/strong><\/p>\n<ul>\n<li>Saphir-Optik<\/li>\n<li>Online-Transmissionsspektroskopie \u00fcber gro\u00dfe Entfernungen in einer Vielzahl von Fl\u00fcssigkeiten (von transparent bis schlecht transparent)<\/li>\n<li>Hoher Durchsatz in jedem Bereich der UV -VIS oder VIS - NIR Spektren<\/li>\n<li>Flexibel und robust f\u00fcr industrielle Anwendungen in rauer Umgebung<\/li>\n<li>Kompatibel mit allen Spektrometern<\/li>\n<\/ul>\n","protected":false},"featured_media":1708,"template":"","meta":[],"product_brand":[],"product_cat":[82,83,87],"product_tag":[76,77,78],"class_list":{"0":"post-2264","1":"product","2":"type-product","3":"status-publish","4":"has-post-thumbnail","6":"product_cat-flexispec-de","7":"product_cat-spectroscopy-fiber-probes-de","8":"product_cat-transflection-probes-de","9":"product_tag-near-ir-de","10":"product_tag-uv-de","11":"product_tag-visible-de","13":"first","14":"instock","15":"shipping-taxable","16":"product-type-simple"},"_links":{"self":[{"href":"https:\/\/artphotonics-stage.workonweb.de\/de\/wp-json\/wp\/v2\/product\/2264","targetHints":{"allow":["GET"]}}],"collection":[{"href":"https:\/\/artphotonics-stage.workonweb.de\/de\/wp-json\/wp\/v2\/product"}],"about":[{"href":"https:\/\/artphotonics-stage.workonweb.de\/de\/wp-json\/wp\/v2\/types\/product"}],"wp:featuredmedia":[{"embeddable":true,"href":"https:\/\/artphotonics-stage.workonweb.de\/de\/wp-json\/wp\/v2\/media\/1708"}],"wp:attachment":[{"href":"https:\/\/artphotonics-stage.workonweb.de\/de\/wp-json\/wp\/v2\/media?parent=2264"}],"wp:term":[{"taxonomy":"product_brand","embeddable":true,"href":"https:\/\/artphotonics-stage.workonweb.de\/de\/wp-json\/wp\/v2\/product_brand?post=2264"},{"taxonomy":"product_cat","embeddable":true,"href":"https:\/\/artphotonics-stage.workonweb.de\/de\/wp-json\/wp\/v2\/product_cat?post=2264"},{"taxonomy":"product_tag","embeddable":true,"href":"https:\/\/artphotonics-stage.workonweb.de\/de\/wp-json\/wp\/v2\/product_tag?post=2264"}],"curies":[{"name":"wp","href":"https:\/\/api.w.org\/{rel}","templated":true}]}}