{"id":2261,"date":"2021-10-05T18:06:11","date_gmt":"2021-10-05T16:06:11","guid":{"rendered":"https:\/\/artphotonics.com\/product\/spiegelreflexionssonden\/"},"modified":"2023-05-02T13:07:30","modified_gmt":"2023-05-02T11:07:30","slug":"spiegelreflexionssonden","status":"publish","type":"product","link":"https:\/\/artphotonics-stage.workonweb.de\/de\/produkt\/spiegelreflexionssonden\/","title":{"rendered":"Spiegelreflexionssonden"},"content":{"rendered":"","protected":false},"excerpt":{"rendered":"<p><strong>Spiegelreflexionssonden<\/strong> aus der <strong>FlexiSpec\u00ae<\/strong>-Produktreihe sind f\u00fcr die Messung der Spiegelreflexion, R\u00fcckstreuung oder Fluoreszenz von festen, fl\u00fcssigen und pulverf\u00f6rmigen Proben bestimmt. Die Messung von Reflexion und R\u00fcckstreuung liefert wichtige quantitative Informationen \u00fcber die chemische Zusammensetzung einer Probe.<\/p>\n<p><strong>Eigenschaften:<\/strong><\/p>\n<ul>\n<li>D\u00fcnnste Sondenspitzen mit einem Durchmesser von 0,5 mm<\/li>\n<li>Faseroptische mehrschenklige oder Y-f\u00f6rmige Reflexionssonde<\/li>\n<li>Minimales \u00dcbersprechen mit metallbeschichteten Fasern<\/li>\n<li>Flache und abgewinkelte (38\u2070) Spitzenausf\u00fchrungen<\/li>\n<li>Rund-zu-Rund, Rund-zu-Linie, sechseckig &amp; achteckig Fasersonden-Design<\/li>\n<\/ul>\n","protected":false},"featured_media":2935,"template":"","meta":[],"product_brand":[],"product_cat":[82,85,83],"product_tag":[76,77,78],"class_list":{"0":"post-2261","1":"product","2":"type-product","3":"status-publish","4":"has-post-thumbnail","6":"product_cat-flexispec-de","7":"product_cat-reflection-probes-de","8":"product_cat-spectroscopy-fiber-probes-de","9":"product_tag-near-ir-de","10":"product_tag-uv-de","11":"product_tag-visible-de","13":"first","14":"instock","15":"shipping-taxable","16":"product-type-simple"},"_links":{"self":[{"href":"https:\/\/artphotonics-stage.workonweb.de\/de\/wp-json\/wp\/v2\/product\/2261","targetHints":{"allow":["GET"]}}],"collection":[{"href":"https:\/\/artphotonics-stage.workonweb.de\/de\/wp-json\/wp\/v2\/product"}],"about":[{"href":"https:\/\/artphotonics-stage.workonweb.de\/de\/wp-json\/wp\/v2\/types\/product"}],"wp:featuredmedia":[{"embeddable":true,"href":"https:\/\/artphotonics-stage.workonweb.de\/de\/wp-json\/wp\/v2\/media\/2935"}],"wp:attachment":[{"href":"https:\/\/artphotonics-stage.workonweb.de\/de\/wp-json\/wp\/v2\/media?parent=2261"}],"wp:term":[{"taxonomy":"product_brand","embeddable":true,"href":"https:\/\/artphotonics-stage.workonweb.de\/de\/wp-json\/wp\/v2\/product_brand?post=2261"},{"taxonomy":"product_cat","embeddable":true,"href":"https:\/\/artphotonics-stage.workonweb.de\/de\/wp-json\/wp\/v2\/product_cat?post=2261"},{"taxonomy":"product_tag","embeddable":true,"href":"https:\/\/artphotonics-stage.workonweb.de\/de\/wp-json\/wp\/v2\/product_tag?post=2261"}],"curies":[{"name":"wp","href":"https:\/\/api.w.org\/{rel}","templated":true}]}}