{"id":2247,"date":"2021-08-30T12:50:30","date_gmt":"2021-08-30T10:50:30","guid":{"rendered":"https:\/\/artphotonics.com\/product\/faseroptische-atr-sonden-fur-laboranwendungen\/"},"modified":"2023-05-02T13:08:57","modified_gmt":"2023-05-02T11:08:57","slug":"faseroptische-atr-sonden-fur-laboranwendungen","status":"publish","type":"product","link":"https:\/\/artphotonics-stage.workonweb.de\/de\/produkt\/faseroptische-atr-sonden-fur-laboranwendungen\/","title":{"rendered":"Faseroptische ATR-Sonden f\u00fcr Laboranwendungen"},"content":{"rendered":"","protected":false},"excerpt":{"rendered":"<p><strong>Eigenschaften:<\/strong><\/p>\n<ul>\n<li>Abklingende Absorptionsspektren ohne Totzonenprobleme<\/li>\n<li>Optimale ATR-Kristallauswahl f\u00fcr die jeweilige Kundenanwendung<\/li>\n<li>Kosteng\u00fcnstige L\u00f6sung f\u00fcr die Inline-Reaktions\u00fcberwachung<\/li>\n<\/ul>\n","protected":false},"featured_media":1518,"template":"","meta":[],"product_brand":[],"product_cat":[84,82,83],"product_tag":[79,76,77,78],"class_list":{"0":"post-2247","1":"product","2":"type-product","3":"status-publish","4":"has-post-thumbnail","6":"product_cat-atr-probes-de","7":"product_cat-flexispec-de","8":"product_cat-spectroscopy-fiber-probes-de","9":"product_tag-mid-ir-de","10":"product_tag-near-ir-de","11":"product_tag-uv-de","12":"product_tag-visible-de","14":"first","15":"instock","16":"shipping-taxable","17":"product-type-simple"},"_links":{"self":[{"href":"https:\/\/artphotonics-stage.workonweb.de\/de\/wp-json\/wp\/v2\/product\/2247","targetHints":{"allow":["GET"]}}],"collection":[{"href":"https:\/\/artphotonics-stage.workonweb.de\/de\/wp-json\/wp\/v2\/product"}],"about":[{"href":"https:\/\/artphotonics-stage.workonweb.de\/de\/wp-json\/wp\/v2\/types\/product"}],"wp:featuredmedia":[{"embeddable":true,"href":"https:\/\/artphotonics-stage.workonweb.de\/de\/wp-json\/wp\/v2\/media\/1518"}],"wp:attachment":[{"href":"https:\/\/artphotonics-stage.workonweb.de\/de\/wp-json\/wp\/v2\/media?parent=2247"}],"wp:term":[{"taxonomy":"product_brand","embeddable":true,"href":"https:\/\/artphotonics-stage.workonweb.de\/de\/wp-json\/wp\/v2\/product_brand?post=2247"},{"taxonomy":"product_cat","embeddable":true,"href":"https:\/\/artphotonics-stage.workonweb.de\/de\/wp-json\/wp\/v2\/product_cat?post=2247"},{"taxonomy":"product_tag","embeddable":true,"href":"https:\/\/artphotonics-stage.workonweb.de\/de\/wp-json\/wp\/v2\/product_tag?post=2247"}],"curies":[{"name":"wp","href":"https:\/\/api.w.org\/{rel}","templated":true}]}}