{"id":2236,"date":"2021-10-18T11:07:23","date_gmt":"2021-10-18T09:07:23","guid":{"rendered":"https:\/\/artphotonics.com\/product\/flexible-laserstrahl-ubertragung-fur-co%e2%82%82-laser\/"},"modified":"2023-05-02T13:03:29","modified_gmt":"2023-05-02T11:03:29","slug":"flexible-laserstrahl-ubertragung-fur-co2-laser","status":"publish","type":"product","link":"https:\/\/artphotonics-stage.workonweb.de\/de\/produkt\/flexible-laserstrahl-ubertragung-fur-co2-laser\/","title":{"rendered":"Flexible Laserstrahl \u00dcbertragung f\u00fcr CO<sub>2<\/sub>-Laser"},"content":{"rendered":"","protected":false},"excerpt":{"rendered":"<p><strong>Eigenschaften:<\/strong><\/p>\n<ul>\n<li>Die flexibelsten Kabel f\u00fcr die CO\u2082-Laser-Leistungs\u00fcbertragung<\/li>\n<li>Stabile \u00dcbertragung unter Biegung<\/li>\n<li>SMART-Technologie zur Unterdr\u00fcckung von Fresnel-Reflexionsverlusten<\/li>\n<li>\u00dcbertragene Leistung bis zu 40 W<\/li>\n<\/ul>\n<p><em>* siehe <strong>Downloads<\/strong> zur \u00dcberpr\u00fcfung der effektiven NA &amp; \u00dcbertragung im Vergleich zum Kabel<\/em><\/p>\n","protected":false},"featured_media":2582,"template":"","meta":[],"product_brand":[],"product_cat":[74,81],"product_tag":[79,76],"class_list":{"0":"post-2236","1":"product","2":"type-product","3":"status-publish","4":"has-post-thumbnail","6":"product_cat-flexiray-de","7":"product_cat-optical-fiber-cables","8":"product_tag-mid-ir-de","9":"product_tag-near-ir-de","11":"first","12":"instock","13":"shipping-taxable","14":"product-type-simple"},"_links":{"self":[{"href":"https:\/\/artphotonics-stage.workonweb.de\/de\/wp-json\/wp\/v2\/product\/2236","targetHints":{"allow":["GET"]}}],"collection":[{"href":"https:\/\/artphotonics-stage.workonweb.de\/de\/wp-json\/wp\/v2\/product"}],"about":[{"href":"https:\/\/artphotonics-stage.workonweb.de\/de\/wp-json\/wp\/v2\/types\/product"}],"wp:featuredmedia":[{"embeddable":true,"href":"https:\/\/artphotonics-stage.workonweb.de\/de\/wp-json\/wp\/v2\/media\/2582"}],"wp:attachment":[{"href":"https:\/\/artphotonics-stage.workonweb.de\/de\/wp-json\/wp\/v2\/media?parent=2236"}],"wp:term":[{"taxonomy":"product_brand","embeddable":true,"href":"https:\/\/artphotonics-stage.workonweb.de\/de\/wp-json\/wp\/v2\/product_brand?post=2236"},{"taxonomy":"product_cat","embeddable":true,"href":"https:\/\/artphotonics-stage.workonweb.de\/de\/wp-json\/wp\/v2\/product_cat?post=2236"},{"taxonomy":"product_tag","embeddable":true,"href":"https:\/\/artphotonics-stage.workonweb.de\/de\/wp-json\/wp\/v2\/product_tag?post=2236"}],"curies":[{"name":"wp","href":"https:\/\/api.w.org\/{rel}","templated":true}]}}