{"id":2231,"date":"2021-10-05T12:20:21","date_gmt":"2021-10-05T10:20:21","guid":{"rendered":"https:\/\/artphotonics.com\/product\/quarzglasfaserkabel-fur-uv-vis-und-vis-nir-spektralbereiche\/"},"modified":"2023-05-02T13:08:17","modified_gmt":"2023-05-02T11:08:17","slug":"quarzglasfaserkabel-fur-uv-vis-und-vis-nir-spektralbereiche","status":"publish","type":"product","link":"https:\/\/artphotonics-stage.workonweb.de\/de\/produkt\/quarzglasfaserkabel-fur-uv-vis-und-vis-nir-spektralbereiche\/","title":{"rendered":"Quarzglasfaserkabel f\u00fcr UV-Vis und Vis-NIR Spektralbereiche"},"content":{"rendered":"","protected":false},"excerpt":{"rendered":"<p><strong>Eigenschaften:<\/strong><\/p>\n<ul>\n<li>Hochwertige Fasern, einschlie\u00dflich Spezialfasern mit extrem niedrigem OH-Gehalt<\/li>\n<li>Gro\u00dfe Auswahl an Fasern, Steckern und Schutzm\u00e4nteln<\/li>\n<li>Schnelle Lieferung f\u00fcr Standardkabel<\/li>\n<li>Quarzfaserkabel sind f\u00fcr zwei Spektralbereiche UV-VIS und VIS-NIR mit verschiedenen Kabelm\u00e4nteln und Steckern auf Kundenanfrage erh\u00e4ltlich.<\/li>\n<li>Art Photonics fertigt kundenspezifische Quarzfaserkabel mit einem verst\u00e4rkten Mantel, der durch einen Nylonfaden stabilisiert wird, um maximalen Schutz vor Dehnungssch\u00e4den zu gew\u00e4hrleisten, und der vom Eingang bis zum Ausgangsstecker vollst\u00e4ndig abgedichtet ist.<\/li>\n<\/ul>\n","protected":false},"featured_media":2060,"template":"","meta":[],"product_brand":[],"product_cat":[74,81],"product_tag":[76,77,78],"class_list":{"0":"post-2231","1":"product","2":"type-product","3":"status-publish","4":"has-post-thumbnail","6":"product_cat-flexiray-de","7":"product_cat-optical-fiber-cables","8":"product_tag-near-ir-de","9":"product_tag-uv-de","10":"product_tag-visible-de","12":"first","13":"instock","14":"shipping-taxable","15":"product-type-simple"},"_links":{"self":[{"href":"https:\/\/artphotonics-stage.workonweb.de\/de\/wp-json\/wp\/v2\/product\/2231","targetHints":{"allow":["GET"]}}],"collection":[{"href":"https:\/\/artphotonics-stage.workonweb.de\/de\/wp-json\/wp\/v2\/product"}],"about":[{"href":"https:\/\/artphotonics-stage.workonweb.de\/de\/wp-json\/wp\/v2\/types\/product"}],"wp:featuredmedia":[{"embeddable":true,"href":"https:\/\/artphotonics-stage.workonweb.de\/de\/wp-json\/wp\/v2\/media\/2060"}],"wp:attachment":[{"href":"https:\/\/artphotonics-stage.workonweb.de\/de\/wp-json\/wp\/v2\/media?parent=2231"}],"wp:term":[{"taxonomy":"product_brand","embeddable":true,"href":"https:\/\/artphotonics-stage.workonweb.de\/de\/wp-json\/wp\/v2\/product_brand?post=2231"},{"taxonomy":"product_cat","embeddable":true,"href":"https:\/\/artphotonics-stage.workonweb.de\/de\/wp-json\/wp\/v2\/product_cat?post=2231"},{"taxonomy":"product_tag","embeddable":true,"href":"https:\/\/artphotonics-stage.workonweb.de\/de\/wp-json\/wp\/v2\/product_tag?post=2231"}],"curies":[{"name":"wp","href":"https:\/\/api.w.org\/{rel}","templated":true}]}}